{"id":631,"date":"2019-04-22T08:48:38","date_gmt":"2019-04-22T12:48:38","guid":{"rendered":"https:\/\/yanncanno.com\/?page_id=631"},"modified":"2019-10-16T10:02:25","modified_gmt":"2019-10-16T14:02:25","slug":"portrait-stylise","status":"publish","type":"page","link":"https:\/\/yanncanno.com\/?page_id=631","title":{"rendered":"Portrait stylis\u00e9"},"content":{"rendered":"<h1>Portrait stylis\u00e9<\/h1>\n<div>\n<p>Par le portrais stylis\u00e9, vous recherchez une image qui vous sort des sentiers battu. Un peu diff\u00e9rent de celui de votre t\u00e9l\u00e9phone cellulaire, le shelfie a ses limites.<\/p>\n<p>A mon studio de McMasterville, sur la rive-sud de Montr\u00e9al, je vous propose de r\u00e9aliser une s\u00e9ance de portrait individuel.<\/p>\n<p>Les fonds blanc, ou noir, permettront de mettre en valeur votre personnalit\u00e9 et votre style.<\/p>\n<p>La photographie de portrait est bien plus complexe que cela ne peut en avoir l\u2019\u00e8re.<\/p>\n<p>La morphologie d\u2019une personne n\u2019est pas la m\u00eame \u00e0 chacun. Pour la lumi\u00e8re il en est tout autant.<\/p>\n<p>La posture en photographie et l\u2019un des principaux \u00e9l\u00e9ments pour faire parler une image, donc je serai en mesure de vous guidez dans le processus de la gestuelle de votre corps et la recherche de style qui colle \u00e0 vous, a fin de passer l\u2019\u00e9motion que vous voulez partager et ce toujours dans le respect de l\u2019individu et dans l\u2019inspiration de la cr\u00e9ation.<\/p>\n<p>Le portrait stylis\u00e9 est appropri\u00e9 pour plusieurs champs d\u2019activit\u00e9. De plus en plus ce type de photographie de portrait n\u2019appartienne plus seulement qu\u2019au mode artistique, musicien, chanteur, artiste de la sc\u00e8ne, de la t\u00e9l\u00e9vision, cin\u00e9ma, etc. La client\u00e8le actuel ce fait de maire, d\u00e9put\u00e9, ministre, avocat, docteur, entrepreneur, gestionnaire et j\u2019en passe.<\/p>\n<p>Je vous sugg\u00e8re une exp\u00e9rience sympathique dans un cadre complexe avec une personne qui vous guidera pas \u00e0 pas pour un r\u00e9sulta diff\u00e9rent.<\/p>\n<\/div>\n<ul>\n<li>\n<p>        <img decoding=\"async\" src=\"wp-content\/uploads\/WEB-Emy012.jpg\" alt=\"\"><\/p>\n<h3>WEB Emy012<\/h3>\n<\/li>\n<li>\n<p>        <img decoding=\"async\" src=\"wp-content\/uploads\/WEB-Emy021.jpg\" alt=\"\"><\/p>\n<h3>WEB Emy021<\/h3>\n<\/li>\n<li>\n<p>        <img decoding=\"async\" src=\"wp-content\/uploads\/WEB-stylis\u00e9001.jpg\" alt=\"\"><\/p>\n<h3>WEB stylis\u00e9001<\/h3>\n<\/li>\n<li>\n<p>        <img decoding=\"async\" src=\"wp-content\/uploads\/WEB-stylis\u00e901.jpg\" alt=\"\"><\/p>\n<h3>WEB stylis\u00e901<\/h3>\n<\/li>\n<li>\n<p>        <img decoding=\"async\" src=\"wp-content\/uploads\/WEB-stylis\u00e91.jpg\" alt=\"\"><\/p>\n<h3>WEB stylis\u00e91<\/h3>\n<\/li>\n<li>\n<p>        <img decoding=\"async\" src=\"wp-content\/uploads\/WEB-stylis\u00e9002.jpg\" alt=\"\"><\/p>\n<h3>WEB stylis\u00e9002<\/h3>\n<\/li>\n<li>\n<p>        <img decoding=\"async\" src=\"wp-content\/uploads\/WEB-stylis\u00e9003.jpg\" alt=\"\"><\/p>\n<h3>WEB stylis\u00e9003<\/h3>\n<\/li>\n<li>\n<p>        <img decoding=\"async\" src=\"wp-content\/uploads\/WEB-stylis\u00e9004.jpg\" alt=\"\"><\/p>\n<h3>WEB stylis\u00e9004<\/h3>\n<\/li>\n<li>\n<p>        <img decoding=\"async\" src=\"wp-content\/uploads\/WEB-stylis\u00e9005.jpg\" alt=\"\"><\/p>\n<h3>WEB stylis\u00e9005<\/h3>\n<\/li>\n<li>\n<p>        <img decoding=\"async\" src=\"wp-content\/uploads\/WEB-stylis\u00e9006.jpg\" alt=\"\"><\/p>\n<h3>WEB stylis\u00e9006<\/h3>\n<\/li>\n<li>\n<p>        <img decoding=\"async\" src=\"wp-content\/uploads\/WEB-stylis\u00e9007.jpg\" alt=\"\"><\/p>\n<h3>WEB stylis\u00e9007<\/h3>\n<\/li>\n<li>\n<p>        <img decoding=\"async\" src=\"wp-content\/uploads\/WEB-stylis\u00e9008.jpg\" alt=\"\"><\/p>\n<h3>WEB stylis\u00e9008<\/h3>\n<\/li>\n<li>\n<p>        <img decoding=\"async\" src=\"wp-content\/uploads\/WEB-stylis\u00e9009.jpg\" alt=\"\"><\/p>\n<h3>WEB stylis\u00e9009<\/h3>\n<\/li>\n<li>\n<p>        <img decoding=\"async\" src=\"wp-content\/uploads\/WEB-stylis\u00e9010.jpg\" alt=\"\"><\/p>\n<h3>WEB stylis\u00e9010<\/h3>\n<\/li>\n<li>\n<p>        <img decoding=\"async\" src=\"wp-content\/uploads\/WEB-stylis\u00e9011.jpg\" alt=\"\"><\/p>\n<h3>WEB stylis\u00e9011<\/h3>\n<\/li>\n<li>\n<p>        <img decoding=\"async\" src=\"wp-content\/uploads\/WEB-stylis\u00e9012.jpg\" alt=\"\"><\/p>\n<h3>WEB stylis\u00e9012<\/h3>\n<\/li>\n<li>\n<p>        <img decoding=\"async\" src=\"wp-content\/uploads\/WEB-stylis\u00e9013.jpg\" alt=\"\"><\/p>\n<h3>WEB stylis\u00e9013<\/h3>\n<\/li>\n<li>\n<p>        <img decoding=\"async\" src=\"wp-content\/uploads\/WEB-stylis\u00e9014.jpg\" alt=\"\"><\/p>\n<h3>WEB stylis\u00e9014<\/h3>\n<\/li>\n<li>\n<p>        <img decoding=\"async\" src=\"wp-content\/uploads\/WEB-stylis\u00e9015.jpg\" alt=\"\"><\/p>\n<h3>WEB stylis\u00e9015<\/h3>\n<\/li>\n<li>\n<p>        <img decoding=\"async\" src=\"wp-content\/uploads\/WEB-stylis\u00e9017.jpg\" alt=\"\"><\/p>\n<h3>WEB stylis\u00e9017<\/h3>\n<\/li>\n<li>\n<p>        <img decoding=\"async\" src=\"wp-content\/uploads\/WEB-stylis\u00e9018.jpg\" alt=\"\"><\/p>\n<h3>WEB stylis\u00e9018<\/h3>\n<\/li>\n<li>\n<p>        <img decoding=\"async\" src=\"wp-content\/uploads\/WEB-stylis\u00e9019.jpg\" alt=\"\"><\/p>\n<h3>WEB stylis\u00e9019<\/h3>\n<\/li>\n<li>\n<p>        <img decoding=\"async\" src=\"wp-content\/uploads\/WEB-stylis\u00e9020.jpg\" alt=\"\"><\/p>\n<h3>WEB stylis\u00e9020<\/h3>\n<\/li>\n<li>\n<p>        <img decoding=\"async\" src=\"wp-content\/uploads\/WEB-stylis\u00e9021.jpg\" alt=\"\"><\/p>\n<h3>WEB stylis\u00e9021<\/h3>\n<\/li>\n<li>\n<p>        <img decoding=\"async\" src=\"wp-content\/uploads\/WEB-stylis\u00e9022.jpg\" alt=\"\"><\/p>\n<h3>WEB stylis\u00e9022<\/h3>\n<\/li>\n<li>\n<p>        <img decoding=\"async\" src=\"wp-content\/uploads\/WEB-stylis\u00e9023.jpg\" alt=\"\"><\/p>\n<h3>WEB stylis\u00e9023<\/h3>\n<\/li>\n<li>\n<p>        <img decoding=\"async\" src=\"wp-content\/uploads\/WEB-stylis\u00e9024.jpg\" alt=\"\"><\/p>\n<h3>WEB stylis\u00e9024<\/h3>\n<\/li>\n<li>\n<p>        <img decoding=\"async\" src=\"wp-content\/uploads\/WEB-stylis\u00e9025.jpg\" alt=\"\"><\/p>\n<h3>WEB stylis\u00e9025<\/h3>\n<\/li>\n<li>\n<p>        <img decoding=\"async\" src=\"wp-content\/uploads\/WEB-stylis\u00e9026.jpg\" alt=\"\"><\/p>\n<h3>WEB stylis\u00e9026<\/h3>\n<\/li>\n<li>\n<p>        <img decoding=\"async\" src=\"wp-content\/uploads\/WEB-stylis\u00e9027.jpg\" alt=\"\"><\/p>\n<h3>WEB stylis\u00e9027<\/h3>\n<\/li>\n<li>\n<p>        <img decoding=\"async\" src=\"wp-content\/uploads\/WEB-stylis\u00e9028.jpg\" alt=\"\"><\/p>\n<h3>WEB stylis\u00e9028<\/h3>\n<\/li>\n<li>\n<p>        <img decoding=\"async\" src=\"wp-content\/uploads\/WEB-stylis\u00e9029.jpg\" alt=\"\"><\/p>\n<h3>WEB stylis\u00e9029<\/h3>\n<\/li>\n<li>\n<p>        <img decoding=\"async\" src=\"wp-content\/uploads\/WEB-stylis\u00e9030.jpg\" alt=\"\"><\/p>\n<h3>WEB stylis\u00e9030<\/h3>\n<\/li>\n<li>\n<p>        <img decoding=\"async\" src=\"wp-content\/uploads\/WEB-stylis\u00e9031.jpg\" alt=\"\"><\/p>\n<h3>WEB stylis\u00e9031<\/h3>\n<\/li>\n<li>\n<p>        <img decoding=\"async\" src=\"wp-content\/uploads\/WEB-stylis\u00e9032.jpg\" alt=\"\"><\/p>\n<h3>WEB stylis\u00e9032<\/h3>\n<\/li>\n<li>\n<p>        <img decoding=\"async\" src=\"wp-content\/uploads\/WEB-stylis\u00e9033.jpg\" alt=\"\"><\/p>\n<h3>WEB stylis\u00e9033<\/h3>\n<\/li>\n<li>\n<p>        <img decoding=\"async\" src=\"wp-content\/uploads\/WEB-stylis\u00e9034.jpg\" alt=\"\"><\/p>\n<h3>WEB stylis\u00e9034<\/h3>\n<\/li>\n<li>\n<p>        <img decoding=\"async\" src=\"wp-content\/uploads\/WEB-stylis\u00e9035.jpg\" alt=\"\"><\/p>\n<h3>WEB stylis\u00e9035<\/h3>\n<\/li>\n<li>\n<p>        <img decoding=\"async\" src=\"wp-content\/uploads\/WEB-stylis\u00e9036.jpg\" alt=\"\"><\/p>\n<h3>WEB stylis\u00e9036<\/h3>\n<\/li>\n<li>\n<p>        <img decoding=\"async\" src=\"wp-content\/uploads\/WEB-stylis\u00e9037.jpg\" alt=\"\"><\/p>\n<h3>WEB stylis\u00e9037<\/h3>\n<\/li>\n<li>\n<p>        <img decoding=\"async\" src=\"wp-content\/uploads\/WEB-stylis\u00e9038.jpg\" alt=\"\"><\/p>\n<h3>WEB stylis\u00e9038<\/h3>\n<\/li>\n<li>\n<p>        <img decoding=\"async\" src=\"wp-content\/uploads\/WEB-stylis\u00e9039.jpg\" alt=\"\"><\/p>\n<h3>WEB stylis\u00e9039<\/h3>\n<\/li>\n<li>\n<p>        <img decoding=\"async\" src=\"wp-content\/uploads\/WEB-stylis\u00e9040.jpg\" alt=\"\"><\/p>\n<h3>WEB stylis\u00e9040<\/h3>\n<\/li>\n<li>\n<p>        <img decoding=\"async\" src=\"wp-content\/uploads\/WEB-stylis\u00e9041.jpg\" alt=\"\"><\/p>\n<h3>WEB stylis\u00e9041<\/h3>\n<\/li>\n<\/ul>\n<ul>\n<li>\n        <a href=\"index.php?page_id=680\">Pr\u00e9c\u00e9dent<\/a>\n    <\/li>\n<li>\n        <a href=\"index.php?page_id=539\">Suivant<\/a>\n    <\/li>\n<\/ul>\n<p><!-- {\"name\":\"Job Template\",\"type\":\"layout\",\"children\":[{\"name\":\"Project\",\"type\":\"section\",\"props\":{\"style\":\"secondary\",\"width\":\"expand\",\"image_position\":\"top-right\",\"header_transparent\":\"light\",\"padding\":\"\",\"image\":\"\",\"image_size\":\"cover\",\"media_blend_mode\":\"\",\"media_background\":null,\"image_effect\":\"parallax\",\"image_parallax_bgy_start\":\"-750\",\"image_parallax_bgy_end\":\"\",\"image_parallax_breakpoint\":\"m\",\"vertical_align\":\"middle\",\"title_position\":\"top-left\",\"title_rotation\":\"left\",\"title_breakpoint\":\"xl\",\"image_width\":\"1600\",\"image_height\":\"1600\",\"image_visibility\":\"m\",\"preserve_color\":false,\"text_color\":\"\",\"width_expand\":\"\",\"height\":\"\",\"animation\":\"\"},\"children\":[{\"name\":\"\",\"type\":\"row\",\"props\":{\"fixed_width\":\"large\",\"breakpoint\":\"m\",\"layout\":\"1-1\",\"margin\":\"xlarge\",\"gutter\":\"\",\"width\":\"\",\"width_expand\":\"\",\"height\":\"\",\"margin_remove_top\":false},\"children\":[{\"name\":\"\",\"type\":\"column\",\"props\":{\"image_position\":\"center-center\",\"widths\":[\"1-1\"],\"media_overlay_gradient\":\"\",\"vertical_align\":\"\",\"style\":\"\",\"text_color\":\"\",\"padding\":\"\"},\"children\":[{\"name\":\"\",\"type\":\"headline\",\"props\":{\"title_element\":\"h1\",\"content\":\"Portrait stylis\\u00e9\",\"text_align\":\"center\",\"title_style\":\"\",\"title_decoration\":\"\",\"title_color\":\"\",\"text_align_breakpoint\":\"\",\"text_align_fallback\":\"\",\"maxwidth\":\"\",\"maxwidth_align\":\"\",\"maxwidth_breakpoint\":\"\",\"margin\":\"large\",\"animation\":\"\",\"visibility\":\"\"}},{\"name\":\"\",\"type\":\"text\",\"props\":{\"column_breakpoint\":\"m\",\"margin\":\"default\",\"content\":\"\n\n<p>Par le portrais stylis\\u00e9, vous recherchez une image qui vous sort des sentiers battu. Un peu diff\\u00e9rent de celui de votre t\\u00e9l\\u00e9phone cellulaire, le shelfie a ses limites.<\\\/p>\\n\n\n<p>A mon studio de McMasterville, sur la rive-sud de Montr\\u00e9al, je vous propose de r\\u00e9aliser une s\\u00e9ance de portrait individuel.<\\\/p>\\n\n\n<p>Les fonds blanc, ou noir, permettront de mettre en valeur votre personnalit\\u00e9 et votre style.<\\\/p>\\n\n\n<p>La photographie de portrait est bien plus complexe que cela ne peut en avoir l\\u2019\\u00e8re.<\\\/p>\\n\n\n<p>La morphologie d\\u2019une personne n\\u2019est pas la m\\u00eame \\u00e0 chacun. Pour la lumi\\u00e8re il en est tout autant.<\\\/p>\\n\n\n<p>La posture en photographie et l\\u2019un des principaux \\u00e9l\\u00e9ments pour faire parler une image, donc je serai en mesure de vous guidez dans le processus de la gestuelle de votre corps et la recherche de style qui colle \\u00e0 vous, a fin de passer l\\u2019\\u00e9motion que vous voulez partager et ce toujours dans le respect de l\\u2019individu et dans l\\u2019inspiration de la cr\\u00e9ation.<\\\/p>\\n\n\n<p>Le portrait stylis\\u00e9 est appropri\\u00e9 pour plusieurs champs d\\u2019activit\\u00e9. De plus en plus ce type de photographie de portrait n\\u2019appartienne plus seulement qu\\u2019au mode artistique, musicien, chanteur, artiste de la sc\\u00e8ne, de la t\\u00e9l\\u00e9vision, cin\\u00e9ma, etc. La client\\u00e8le actuel ce fait de maire, d\\u00e9put\\u00e9, ministre, avocat, docteur, entrepreneur, gestionnaire et j\\u2019en passe.<\\\/p>\\n\n\n<p>Je vous sugg\\u00e8re une exp\\u00e9rience sympathique dans un cadre complexe avec une personne qui vous guidera pas \\u00e0 pas pour un r\\u00e9sulta diff\\u00e9rent.<\\\/p>\",\"maxwidth\":\"xxlarge\",\"text_align\":\"center\",\"maxwidth_align\":\"center\",\"text_style\":\"\",\"text_color\":\"\",\"text_size\":\"\",\"column\":\"1-2\",\"text_align_breakpoint\":\"\",\"text_align_fallback\":\"\",\"maxwidth_breakpoint\":\"\",\"animation\":\"\",\"visibility\":\"\",\"column_divider\":true}}]}]},{\"name\":\"\",\"type\":\"row\",\"props\":{\"fixed_width\":\"large\",\"breakpoint\":\"m\",\"layout\":\"1-1\"},\"children\":[{\"name\":\"\",\"type\":\"column\",\"props\":{\"widths\":[\"1-1\"],\"image_position\":\"center-center\",\"media_overlay_gradient\":\"\"},\"children\":[{\"name\":\"\",\"type\":\"gallery\",\"props\":{\"show_title\":false,\"show_meta\":true,\"show_content\":true,\"show_link\":true,\"show_hover_image\":true,\"grid_default\":\"1\",\"grid_medium\":\"3\",\"overlay_mode\":\"cover\",\"overlay_hover\":true,\"overlay_style\":\"overlay-primary\",\"text_color\":\"\",\"overlay_position\":\"center\",\"overlay_transition\":\"fade\",\"title_element\":\"h3\",\"meta_style\":\"meta\",\"meta_align\":\"below-title\",\"text_align\":\"center\",\"margin\":\"default\",\"grid_large\":\"5\",\"grid_xlarge\":\"6\",\"image_orientation\":true,\"image_width\":\"320\",\"lightbox\":true,\"lightbox_image_height\":\"900\",\"title_display\":\"item\",\"content_display\":\"\",\"grid_small\":\"2\",\"link_type\":\"element\",\"filter_style\":\"tab\",\"filter_all\":true,\"filter_position\":\"top\",\"filter_align\":\"left\",\"filter_grid_width\":\"auto\",\"filter_breakpoint\":\"m\",\"link_text\":\"Read more\",\"link_style\":\"default\",\"item_animation\":\"\",\"gutter\":\"\",\"filter_margin\":\"\",\"filter_gutter\":\"\",\"item_maxwidth\":\"\",\"overlay_padding\":\"\",\"overlay_margin\":\"\",\"overlay_maxwidth\":\"\",\"image_transition\":\"\",\"image_box_shadow\":\"\",\"image_hover_box_shadow\":\"\",\"image_box_decoration\":\"\",\"title_transition\":\"\",\"title_style\":\"\",\"title_decoration\":\"\",\"title_color\":\"\",\"title_margin\":\"\",\"meta_transition\":\"\",\"meta_color\":\"\",\"meta_margin\":\"\",\"content_transition\":\"\",\"content_style\":\"\",\"content_margin\":\"\",\"link_transition\":\"\",\"link_size\":\"\",\"link_margin\":\"\",\"text_align_breakpoint\":\"\",\"text_align_fallback\":\"\",\"maxwidth\":\"\",\"maxwidth_align\":\"\",\"maxwidth_breakpoint\":\"\",\"visibility\":\"\",\"css\":\".el-image {\\n    filter: url(\\\/wp-content\\\/uploads\\\/filters.svg#grayscale);\\n    filter: gray;\\n    opacity: 0.6;\\n    filter: alpha(opacity=60);\\n    -webkit-filter: grayscale(1);\\n    -moz-filter: grayscale(100%);\\n    -ms-filter: grayscale(100%);\\n}\"},\"children\":[{\"type\":\"gallery_item\",\"props\":{\"title\":\"WEB Emy012\",\"image\":\"wp-content\\\/uploads\\\/WEB-Emy012.jpg\"}},{\"type\":\"gallery_item\",\"props\":{\"title\":\"WEB Emy021\",\"image\":\"wp-content\\\/uploads\\\/WEB-Emy021.jpg\"}},{\"type\":\"gallery_item\",\"props\":{\"title\":\"WEB stylis\\u00e9001\",\"image\":\"wp-content\\\/uploads\\\/WEB-stylis\\u00e9001.jpg\"}},{\"type\":\"gallery_item\",\"props\":{\"title\":\"WEB stylis\\u00e901\",\"image\":\"wp-content\\\/uploads\\\/WEB-stylis\\u00e901.jpg\"}},{\"type\":\"gallery_item\",\"props\":{\"title\":\"WEB stylis\\u00e91\",\"image\":\"wp-content\\\/uploads\\\/WEB-stylis\\u00e91.jpg\"}},{\"type\":\"gallery_item\",\"props\":{\"title\":\"WEB stylis\\u00e9002\",\"image\":\"wp-content\\\/uploads\\\/WEB-stylis\\u00e9002.jpg\"}},{\"type\":\"gallery_item\",\"props\":{\"title\":\"WEB stylis\\u00e9003\",\"image\":\"wp-content\\\/uploads\\\/WEB-stylis\\u00e9003.jpg\"}},{\"type\":\"gallery_item\",\"props\":{\"title\":\"WEB stylis\\u00e9004\",\"image\":\"wp-content\\\/uploads\\\/WEB-stylis\\u00e9004.jpg\"}},{\"type\":\"gallery_item\",\"props\":{\"title\":\"WEB stylis\\u00e9005\",\"image\":\"wp-content\\\/uploads\\\/WEB-stylis\\u00e9005.jpg\"}},{\"type\":\"gallery_item\",\"props\":{\"title\":\"WEB stylis\\u00e9006\",\"image\":\"wp-content\\\/uploads\\\/WEB-stylis\\u00e9006.jpg\"}},{\"type\":\"gallery_item\",\"props\":{\"title\":\"WEB stylis\\u00e9007\",\"image\":\"wp-content\\\/uploads\\\/WEB-stylis\\u00e9007.jpg\"}},{\"type\":\"gallery_item\",\"props\":{\"title\":\"WEB stylis\\u00e9008\",\"image\":\"wp-content\\\/uploads\\\/WEB-stylis\\u00e9008.jpg\"}},{\"type\":\"gallery_item\",\"props\":{\"title\":\"WEB stylis\\u00e9009\",\"image\":\"wp-content\\\/uploads\\\/WEB-stylis\\u00e9009.jpg\"}},{\"type\":\"gallery_item\",\"props\":{\"title\":\"WEB stylis\\u00e9010\",\"image\":\"wp-content\\\/uploads\\\/WEB-stylis\\u00e9010.jpg\"}},{\"type\":\"gallery_item\",\"props\":{\"title\":\"WEB stylis\\u00e9011\",\"image\":\"wp-content\\\/uploads\\\/WEB-stylis\\u00e9011.jpg\"}},{\"type\":\"gallery_item\",\"props\":{\"title\":\"WEB stylis\\u00e9012\",\"image\":\"wp-content\\\/uploads\\\/WEB-stylis\\u00e9012.jpg\"}},{\"type\":\"gallery_item\",\"props\":{\"title\":\"WEB stylis\\u00e9013\",\"image\":\"wp-content\\\/uploads\\\/WEB-stylis\\u00e9013.jpg\"}},{\"type\":\"gallery_item\",\"props\":{\"title\":\"WEB stylis\\u00e9014\",\"image\":\"wp-content\\\/uploads\\\/WEB-stylis\\u00e9014.jpg\"}},{\"type\":\"gallery_item\",\"props\":{\"title\":\"WEB stylis\\u00e9015\",\"image\":\"wp-content\\\/uploads\\\/WEB-stylis\\u00e9015.jpg\"}},{\"type\":\"gallery_item\",\"props\":{\"title\":\"WEB stylis\\u00e9017\",\"image\":\"wp-content\\\/uploads\\\/WEB-stylis\\u00e9017.jpg\"}},{\"type\":\"gallery_item\",\"props\":{\"title\":\"WEB stylis\\u00e9018\",\"image\":\"wp-content\\\/uploads\\\/WEB-stylis\\u00e9018.jpg\"}},{\"type\":\"gallery_item\",\"props\":{\"title\":\"WEB stylis\\u00e9019\",\"image\":\"wp-content\\\/uploads\\\/WEB-stylis\\u00e9019.jpg\"}},{\"type\":\"gallery_item\",\"props\":{\"title\":\"WEB stylis\\u00e9020\",\"image\":\"wp-content\\\/uploads\\\/WEB-stylis\\u00e9020.jpg\"}},{\"type\":\"gallery_item\",\"props\":{\"title\":\"WEB stylis\\u00e9021\",\"image\":\"wp-content\\\/uploads\\\/WEB-stylis\\u00e9021.jpg\"}},{\"type\":\"gallery_item\",\"props\":{\"title\":\"WEB stylis\\u00e9022\",\"image\":\"wp-content\\\/uploads\\\/WEB-stylis\\u00e9022.jpg\"}},{\"type\":\"gallery_item\",\"props\":{\"title\":\"WEB stylis\\u00e9023\",\"image\":\"wp-content\\\/uploads\\\/WEB-stylis\\u00e9023.jpg\"}},{\"type\":\"gallery_item\",\"props\":{\"title\":\"WEB stylis\\u00e9024\",\"image\":\"wp-content\\\/uploads\\\/WEB-stylis\\u00e9024.jpg\"}},{\"type\":\"gallery_item\",\"props\":{\"title\":\"WEB stylis\\u00e9025\",\"image\":\"wp-content\\\/uploads\\\/WEB-stylis\\u00e9025.jpg\"}},{\"type\":\"gallery_item\",\"props\":{\"title\":\"WEB stylis\\u00e9026\",\"image\":\"wp-content\\\/uploads\\\/WEB-stylis\\u00e9026.jpg\"}},{\"type\":\"gallery_item\",\"props\":{\"title\":\"WEB stylis\\u00e9027\",\"image\":\"wp-content\\\/uploads\\\/WEB-stylis\\u00e9027.jpg\"}},{\"type\":\"gallery_item\",\"props\":{\"title\":\"WEB stylis\\u00e9028\",\"image\":\"wp-content\\\/uploads\\\/WEB-stylis\\u00e9028.jpg\"}},{\"type\":\"gallery_item\",\"props\":{\"title\":\"WEB stylis\\u00e9029\",\"image\":\"wp-content\\\/uploads\\\/WEB-stylis\\u00e9029.jpg\"}},{\"type\":\"gallery_item\",\"props\":{\"title\":\"WEB stylis\\u00e9030\",\"image\":\"wp-content\\\/uploads\\\/WEB-stylis\\u00e9030.jpg\"}},{\"type\":\"gallery_item\",\"props\":{\"title\":\"WEB stylis\\u00e9031\",\"image\":\"wp-content\\\/uploads\\\/WEB-stylis\\u00e9031.jpg\"}},{\"type\":\"gallery_item\",\"props\":{\"title\":\"WEB stylis\\u00e9032\",\"image\":\"wp-content\\\/uploads\\\/WEB-stylis\\u00e9032.jpg\"}},{\"type\":\"gallery_item\",\"props\":{\"title\":\"WEB stylis\\u00e9033\",\"image\":\"wp-content\\\/uploads\\\/WEB-stylis\\u00e9033.jpg\"}},{\"type\":\"gallery_item\",\"props\":{\"title\":\"WEB stylis\\u00e9034\",\"image\":\"wp-content\\\/uploads\\\/WEB-stylis\\u00e9034.jpg\"}},{\"type\":\"gallery_item\",\"props\":{\"title\":\"WEB stylis\\u00e9035\",\"image\":\"wp-content\\\/uploads\\\/WEB-stylis\\u00e9035.jpg\"}},{\"type\":\"gallery_item\",\"props\":{\"title\":\"WEB stylis\\u00e9036\",\"image\":\"wp-content\\\/uploads\\\/WEB-stylis\\u00e9036.jpg\"}},{\"type\":\"gallery_item\",\"props\":{\"title\":\"WEB stylis\\u00e9037\",\"image\":\"wp-content\\\/uploads\\\/WEB-stylis\\u00e9037.jpg\"}},{\"type\":\"gallery_item\",\"props\":{\"title\":\"WEB stylis\\u00e9038\",\"image\":\"wp-content\\\/uploads\\\/WEB-stylis\\u00e9038.jpg\"}},{\"type\":\"gallery_item\",\"props\":{\"title\":\"WEB stylis\\u00e9039\",\"image\":\"wp-content\\\/uploads\\\/WEB-stylis\\u00e9039.jpg\"}},{\"type\":\"gallery_item\",\"props\":{\"title\":\"WEB stylis\\u00e9040\",\"image\":\"wp-content\\\/uploads\\\/WEB-stylis\\u00e9040.jpg\"}},{\"type\":\"gallery_item\",\"props\":{\"title\":\"WEB stylis\\u00e9041\",\"image\":\"wp-content\\\/uploads\\\/WEB-stylis\\u00e9041.jpg\"}}]}]}]}]},{\"name\":\"Navigation\",\"type\":\"section\",\"props\":{\"style\":\"secondary\",\"width\":\"default\",\"image_position\":\"center-center\",\"padding\":\"\",\"vertical_align\":\"middle\",\"title_position\":\"top-left\",\"title_rotation\":\"left\",\"title_breakpoint\":\"xl\",\"image_effect\":\"\",\"text_color\":\"\",\"width_expand\":\"\",\"height\":\"\",\"header_transparent\":\"\",\"animation\":\"\"},\"children\":[{\"name\":\"\",\"type\":\"row\",\"props\":{\"fixed_width\":\"large\",\"breakpoint\":\"m\",\"layout\":\"1-1\"},\"children\":[{\"name\":\"\",\"type\":\"column\",\"props\":{\"image_position\":\"center-center\",\"widths\":[\"1-1\"],\"media_overlay_gradient\":\"\"},\"children\":[{\"type\":\"button\",\"props\":{\"gutter\":\"small\",\"margin\":\"default\",\"button_size\":\"\",\"text_align\":\"center\",\"text_align_breakpoint\":\"\",\"text_align_fallback\":\"\",\"maxwidth\":\"\",\"maxwidth_align\":\"\",\"maxwidth_breakpoint\":\"\",\"animation\":\"\",\"visibility\":\"\"},\"children\":[{\"type\":\"button_item\",\"props\":{\"button_style\":\"primary\",\"icon_align\":\"left\",\"link_target\":\"\",\"link_title\":\"Suivant\",\"icon\":\"arrow-left\",\"content\":\"Pr\\u00e9c\\u00e9dent\",\"link\":\"index.php?page_id=680\"}},{\"type\":\"button_item\",\"props\":{\"button_style\":\"primary\",\"icon_align\":\"right\",\"link_target\":\"\",\"link_title\":\"Suivant\",\"icon\":\"arrow-right\",\"content\":\"Suivant\",\"link\":\"index.php?page_id=539\"}}]}]}]}]}],\"version\":\"1.19.2\",\"props\":[]} --><\/p>\n","protected":false},"excerpt":{"rendered":"<p>Portrait stylis\u00e9 Par le portrais stylis\u00e9, vous recherchez une image qui vous sort des sentiers battu. Un peu diff\u00e9rent de celui de votre t\u00e9l\u00e9phone cellulaire, le shelfie a ses limites. A mon studio de McMasterville, sur la rive-sud de Montr\u00e9al, je vous propose de r\u00e9aliser une s\u00e9ance de portrait individuel. Les fonds blanc, ou noir, [&hellip;]<\/p>\n","protected":false},"author":1,"featured_media":0,"parent":22,"menu_order":0,"comment_status":"closed","ping_status":"closed","template":"","meta":{"footnotes":""},"_links":{"self":[{"href":"https:\/\/yanncanno.com\/index.php?rest_route=\/wp\/v2\/pages\/631"}],"collection":[{"href":"https:\/\/yanncanno.com\/index.php?rest_route=\/wp\/v2\/pages"}],"about":[{"href":"https:\/\/yanncanno.com\/index.php?rest_route=\/wp\/v2\/types\/page"}],"author":[{"embeddable":true,"href":"https:\/\/yanncanno.com\/index.php?rest_route=\/wp\/v2\/users\/1"}],"replies":[{"embeddable":true,"href":"https:\/\/yanncanno.com\/index.php?rest_route=%2Fwp%2Fv2%2Fcomments&post=631"}],"version-history":[{"count":5,"href":"https:\/\/yanncanno.com\/index.php?rest_route=\/wp\/v2\/pages\/631\/revisions"}],"predecessor-version":[{"id":767,"href":"https:\/\/yanncanno.com\/index.php?rest_route=\/wp\/v2\/pages\/631\/revisions\/767"}],"up":[{"embeddable":true,"href":"https:\/\/yanncanno.com\/index.php?rest_route=\/wp\/v2\/pages\/22"}],"wp:attachment":[{"href":"https:\/\/yanncanno.com\/index.php?rest_route=%2Fwp%2Fv2%2Fmedia&parent=631"}],"curies":[{"name":"wp","href":"https:\/\/api.w.org\/{rel}","templated":true}]}}