{"id":28,"date":"2017-05-19T08:46:17","date_gmt":"2017-05-19T08:46:17","guid":{"rendered":"https:\/\/yanncanno.com\/index.php\/andre-smith\/"},"modified":"2019-10-16T10:02:25","modified_gmt":"2019-10-16T14:02:25","slug":"andre-smith","status":"publish","type":"page","link":"https:\/\/yanncanno.com\/?page_id=28","title":{"rendered":"Immobilier HDR"},"content":{"rendered":"<h1>Immobilier HDR<\/h1>\n<div>\n<p>Le HDR c\u2019est ensemble de techniques et de m\u00e9thodes photographiques et de post-traitement qui permettent de surpasser les capacit\u00e9s de vos appareils photo pour cr\u00e9er une image \u00e0 grande plage dynamique.<\/p>\n<p>Plusieurs photographes offre un service de ce type. Soit les images sont trop accentu\u00e9es et ne refl\u00e8te pas la r\u00e9alit\u00e9. Souvant le prix demand\u00e9 est vraiment exorbitant.<\/p>\n<p>Je propose un \u00e9quilibre de rendu de couleurs et de r\u00e9alit\u00e9 des lieux. Quoi de plus d\u00e9cevant de voir vos clients lors d\u2019une visite de dire que ce n\u2019est pas la m\u00eame maison qu\u2019ils ont vue sur votre publicit\u00e9\u2026<\/p>\n<p>Je travail en synergie avec le courtier immobilier pour produire la recette HDR qui convient au r\u00e9sulta souhait\u00e9.<\/p>\n<p>De plus, conna\u00eetre vos r\u00e9alit\u00e9s et besoins font parti de la qualit\u00e9 de photographe que je vous propose. La repr\u00e9sentation du courtier immobilier face au client est de mise. Politesse, respect, courtoisie, humeur et int\u00e9grit\u00e9 font partie des valeurs ajout\u00e9 que je vous proposes.<\/p>\n<\/div>\n<ul>\n<li>\n<p>        <img decoding=\"async\" src=\"wp-content\/uploads\/WEB-immo001.jpg\" alt=\"\"><\/p>\n<h3>WEB immo001<\/h3>\n<\/li>\n<li>\n<p>        <img decoding=\"async\" src=\"wp-content\/uploads\/WEB-immo002.jpg\" alt=\"\"><\/p>\n<h3>WEB immo002<\/h3>\n<\/li>\n<li>\n<p>        <img decoding=\"async\" src=\"wp-content\/uploads\/WEB-immo004.jpg\" alt=\"\"><\/p>\n<h3>WEB immo004<\/h3>\n<\/li>\n<li>\n<p>        <img decoding=\"async\" src=\"wp-content\/uploads\/WEB-immo005.jpg\" alt=\"\"><\/p>\n<h3>WEB immo005<\/h3>\n<\/li>\n<li>\n<p>        <img decoding=\"async\" src=\"wp-content\/uploads\/WEB-immo006.jpg\" alt=\"\"><\/p>\n<h3>WEB immo006<\/h3>\n<\/li>\n<li>\n<p>        <img decoding=\"async\" src=\"wp-content\/uploads\/WEB-immo007.jpg\" alt=\"\"><\/p>\n<h3>WEB immo007<\/h3>\n<\/li>\n<li>\n<p>        <img decoding=\"async\" src=\"wp-content\/uploads\/WEB-immo008.jpg\" alt=\"\"><\/p>\n<h3>WEB immo008<\/h3>\n<\/li>\n<li>\n<p>        <img decoding=\"async\" src=\"wp-content\/uploads\/WEB-immo009.jpg\" alt=\"\"><\/p>\n<h3>WEB immo009<\/h3>\n<\/li>\n<li>\n<p>        <img decoding=\"async\" src=\"wp-content\/uploads\/WEB-immo010.jpg\" alt=\"\"><\/p>\n<h3>WEB immo010<\/h3>\n<\/li>\n<li>\n<p>        <img decoding=\"async\" src=\"wp-content\/uploads\/WEB-immo011.jpg\" alt=\"\"><\/p>\n<h3>WEB immo011<\/h3>\n<\/li>\n<li>\n<p>        <img decoding=\"async\" src=\"wp-content\/uploads\/WEB-immo012.jpg\" alt=\"\"><\/p>\n<h3>WEB immo012<\/h3>\n<\/li>\n<li>\n<p>        <img decoding=\"async\" src=\"wp-content\/uploads\/WEB-immo013.jpg\" alt=\"\"><\/p>\n<h3>WEB immo013<\/h3>\n<\/li>\n<li>\n<p>        <img decoding=\"async\" src=\"wp-content\/uploads\/WEB-immo014.jpg\" alt=\"\"><\/p>\n<h3>WEB immo014<\/h3>\n<\/li>\n<li>\n<p>        <img decoding=\"async\" src=\"wp-content\/uploads\/WEB-immo015.jpg\" alt=\"\"><\/p>\n<h3>WEB immo015<\/h3>\n<\/li>\n<li>\n<p>        <img decoding=\"async\" src=\"wp-content\/uploads\/WEB-immo016.jpg\" alt=\"\"><\/p>\n<h3>WEB immo016<\/h3>\n<\/li>\n<li>\n<p>        <img decoding=\"async\" src=\"wp-content\/uploads\/WEB-immo017.jpg\" alt=\"\"><\/p>\n<h3>WEB immo017<\/h3>\n<\/li>\n<li>\n<p>        <img decoding=\"async\" src=\"wp-content\/uploads\/WEB-immo018.jpg\" alt=\"\"><\/p>\n<h3>WEB immo018<\/h3>\n<\/li>\n<li>\n<p>        <img decoding=\"async\" src=\"wp-content\/uploads\/WEB-immo019.jpg\" alt=\"\"><\/p>\n<h3>WEB immo019<\/h3>\n<\/li>\n<li>\n<p>        <img decoding=\"async\" src=\"wp-content\/uploads\/WEB-immo020.jpg\" alt=\"\"><\/p>\n<h3>WEB immo020<\/h3>\n<\/li>\n<li>\n<p>        <img decoding=\"async\" src=\"wp-content\/uploads\/WEB-immo021.jpg\" alt=\"\"><\/p>\n<h3>WEB immo021<\/h3>\n<\/li>\n<li>\n<p>        <img decoding=\"async\" src=\"wp-content\/uploads\/WEB-immo022.jpg\" alt=\"\"><\/p>\n<h3>WEB immo022<\/h3>\n<\/li>\n<li>\n<p>        <img decoding=\"async\" src=\"wp-content\/uploads\/WEB-immo023.jpg\" alt=\"\"><\/p>\n<h3>WEB immo023<\/h3>\n<\/li>\n<li>\n<p>        <img decoding=\"async\" src=\"wp-content\/uploads\/WEB-immo024.jpg\" alt=\"\"><\/p>\n<h3>WEB immo024<\/h3>\n<\/li>\n<li>\n<p>        <img decoding=\"async\" src=\"wp-content\/uploads\/WEB-immo025.jpg\" alt=\"\"><\/p>\n<h3>WEB immo025<\/h3>\n<\/li>\n<li>\n<p>        <img decoding=\"async\" src=\"wp-content\/uploads\/WEB-immo026.jpg\" alt=\"\"><\/p>\n<h3>WEB immo026<\/h3>\n<\/li>\n<li>\n<p>        <img decoding=\"async\" src=\"wp-content\/uploads\/WEB-immo027.jpg\" alt=\"\"><\/p>\n<h3>WEB immo027<\/h3>\n<\/li>\n<li>\n<p>        <img decoding=\"async\" src=\"wp-content\/uploads\/WEB-immo028.jpg\" alt=\"\"><\/p>\n<h3>WEB immo028<\/h3>\n<\/li>\n<li>\n<p>        <img decoding=\"async\" src=\"wp-content\/uploads\/WEB-immo029.jpg\" alt=\"\"><\/p>\n<h3>WEB immo029<\/h3>\n<\/li>\n<li>\n<p>        <img decoding=\"async\" src=\"wp-content\/uploads\/WEB-immo030.jpg\" alt=\"\"><\/p>\n<h3>WEB immo030<\/h3>\n<\/li>\n<li>\n<p>        <img decoding=\"async\" src=\"wp-content\/uploads\/WEB-immo031.jpg\" alt=\"\"><\/p>\n<h3>WEB immo031<\/h3>\n<\/li>\n<li>\n<p>        <img decoding=\"async\" src=\"wp-content\/uploads\/WEB-immo032.jpg\" alt=\"\"><\/p>\n<h3>WEB immo032<\/h3>\n<\/li>\n<li>\n<p>        <img decoding=\"async\" src=\"wp-content\/uploads\/WEB-immo033.jpg\" alt=\"\"><\/p>\n<h3>WEB immo033<\/h3>\n<\/li>\n<li>\n<p>        <img decoding=\"async\" src=\"wp-content\/uploads\/WEB-immo034.jpg\" alt=\"\"><\/p>\n<h3>WEB immo034<\/h3>\n<\/li>\n<li>\n<p>        <img decoding=\"async\" src=\"wp-content\/uploads\/WEB-immo035.jpg\" alt=\"\"><\/p>\n<h3>WEB immo035<\/h3>\n<\/li>\n<li>\n<p>        <img decoding=\"async\" src=\"wp-content\/uploads\/WEB-immo036.jpg\" alt=\"\"><\/p>\n<h3>WEB immo036<\/h3>\n<\/li>\n<li>\n<p>        <img decoding=\"async\" src=\"wp-content\/uploads\/WEB-immo037.jpg\" alt=\"\"><\/p>\n<h3>WEB immo037<\/h3>\n<\/li>\n<li>\n<p>        <img decoding=\"async\" src=\"wp-content\/uploads\/WEB-immo038.jpg\" alt=\"\"><\/p>\n<h3>WEB immo038<\/h3>\n<\/li>\n<li>\n<p>        <img decoding=\"async\" src=\"wp-content\/uploads\/WEB-immo039.jpg\" alt=\"\"><\/p>\n<h3>WEB immo039<\/h3>\n<\/li>\n<li>\n<p>        <img decoding=\"async\" src=\"wp-content\/uploads\/WEB-immo040.jpg\" alt=\"\"><\/p>\n<h3>WEB immo040<\/h3>\n<\/li>\n<\/ul>\n<ul>\n<li>\n        <a href=\"index.php?page_id=458\">Pr\u00e9c\u00e9dent<\/a>\n    <\/li>\n<li>\n        <a href=\"index.php?page_id=406\">Suivant<\/a>\n    <\/li>\n<\/ul>\n<p><!-- {\"name\":\"\",\"type\":\"layout\",\"children\":[{\"name\":\"Project\",\"type\":\"section\",\"props\":{\"style\":\"secondary\",\"width\":\"expand\",\"image_position\":\"top-right\",\"header_transparent\":\"light\",\"padding\":\"\",\"image\":\"\",\"image_size\":\"cover\",\"media_blend_mode\":\"\",\"media_background\":null,\"image_effect\":\"parallax\",\"image_parallax_bgy_start\":\"-750\",\"image_parallax_bgy_end\":\"\",\"image_parallax_breakpoint\":\"m\",\"vertical_align\":\"middle\",\"title_position\":\"top-left\",\"title_rotation\":\"left\",\"title_breakpoint\":\"xl\",\"image_width\":\"1600\",\"image_height\":\"1600\",\"image_visibility\":\"m\",\"preserve_color\":false,\"text_color\":\"\",\"width_expand\":\"\",\"height\":\"\",\"animation\":\"\"},\"children\":[{\"name\":\"\",\"type\":\"row\",\"props\":{\"fixed_width\":\"large\",\"breakpoint\":\"m\",\"layout\":\"1-1\",\"margin\":\"xlarge\",\"gutter\":\"\",\"width\":\"\",\"width_expand\":\"\",\"height\":\"\",\"margin_remove_top\":false},\"children\":[{\"name\":\"\",\"type\":\"column\",\"props\":{\"image_position\":\"center-center\",\"widths\":[\"1-1\"],\"media_overlay_gradient\":\"\",\"vertical_align\":\"\",\"style\":\"\",\"text_color\":\"\",\"padding\":\"\"},\"children\":[{\"name\":\"\",\"type\":\"headline\",\"props\":{\"title_element\":\"h1\",\"content\":\"Immobilier HDR\",\"text_align\":\"center\",\"title_style\":\"\",\"title_decoration\":\"\",\"title_color\":\"\",\"text_align_breakpoint\":\"\",\"text_align_fallback\":\"\",\"maxwidth\":\"\",\"maxwidth_align\":\"\",\"maxwidth_breakpoint\":\"\",\"margin\":\"large\",\"animation\":\"\",\"visibility\":\"\"}},{\"name\":\"\",\"type\":\"text\",\"props\":{\"column_breakpoint\":\"m\",\"margin\":\"default\",\"content\":\"\n\n<p>Le HDR c\\u2019est ensemble de techniques et de m\\u00e9thodes photographiques et de post-traitement qui permettent de surpasser les capacit\\u00e9s de vos appareils photo pour cr\\u00e9er une image \\u00e0 grande plage dynamique.<\\\/p>\\n\n\n<p>Plusieurs photographes offre un service de ce type. Soit les images sont trop accentu\\u00e9es et ne refl\\u00e8te pas la r\\u00e9alit\\u00e9. Souvant le prix demand\\u00e9 est vraiment exorbitant.<\\\/p>\\n\n\n<p>Je propose un \\u00e9quilibre de rendu de couleurs et de r\\u00e9alit\\u00e9 des lieux. Quoi de plus d\\u00e9cevant de voir vos clients lors d\\u2019une visite de dire que ce n\\u2019est pas la m\\u00eame maison qu\\u2019ils ont vue sur votre publicit\\u00e9\\u2026<\\\/p>\\n\n\n<p>Je travail en synergie avec le courtier immobilier pour produire la recette HDR qui convient au r\\u00e9sulta souhait\\u00e9.<\\\/p>\\n\n\n<p>De plus, conna\\u00eetre vos r\\u00e9alit\\u00e9s et besoins font parti de la qualit\\u00e9 de photographe que je vous propose. La repr\\u00e9sentation du courtier immobilier face au client est de mise. Politesse, respect, courtoisie, humeur et int\\u00e9grit\\u00e9 font partie des valeurs ajout\\u00e9 que je vous proposes.<\\\/p>\",\"maxwidth\":\"xxlarge\",\"text_align\":\"center\",\"maxwidth_align\":\"center\",\"text_style\":\"\",\"text_color\":\"\",\"text_size\":\"\",\"column\":\"1-2\",\"text_align_breakpoint\":\"\",\"text_align_fallback\":\"\",\"maxwidth_breakpoint\":\"\",\"animation\":\"\",\"visibility\":\"\",\"column_divider\":true}}]}]},{\"name\":\"\",\"type\":\"row\",\"props\":{\"fixed_width\":\"large\",\"breakpoint\":\"m\",\"layout\":\"1-1\"},\"children\":[{\"name\":\"\",\"type\":\"column\",\"props\":{\"widths\":[\"1-1\"],\"image_position\":\"center-center\",\"media_overlay_gradient\":\"\"},\"children\":[{\"name\":\"\",\"type\":\"gallery\",\"props\":{\"show_title\":false,\"show_meta\":true,\"show_content\":true,\"show_link\":true,\"show_hover_image\":true,\"grid_default\":\"1\",\"grid_medium\":\"3\",\"overlay_mode\":\"cover\",\"overlay_hover\":true,\"overlay_style\":\"overlay-primary\",\"text_color\":\"\",\"overlay_position\":\"center\",\"overlay_transition\":\"fade\",\"title_element\":\"h3\",\"meta_style\":\"meta\",\"meta_align\":\"below-title\",\"text_align\":\"center\",\"margin\":\"default\",\"grid_large\":\"5\",\"grid_xlarge\":\"6\",\"image_orientation\":true,\"image_width\":\"320\",\"lightbox\":true,\"lightbox_image_height\":\"900\",\"title_display\":\"item\",\"content_display\":\"\",\"grid_small\":\"2\",\"link_type\":\"element\",\"filter_style\":\"tab\",\"filter_all\":true,\"filter_position\":\"top\",\"filter_align\":\"left\",\"filter_grid_width\":\"auto\",\"filter_breakpoint\":\"m\",\"link_text\":\"Read more\",\"link_style\":\"default\",\"item_animation\":\"\",\"gutter\":\"\",\"filter_margin\":\"\",\"filter_gutter\":\"\",\"item_maxwidth\":\"\",\"overlay_padding\":\"\",\"overlay_margin\":\"\",\"overlay_maxwidth\":\"\",\"image_transition\":\"\",\"image_box_shadow\":\"\",\"image_hover_box_shadow\":\"\",\"image_box_decoration\":\"\",\"title_transition\":\"\",\"title_style\":\"\",\"title_decoration\":\"\",\"title_color\":\"\",\"title_margin\":\"\",\"meta_transition\":\"\",\"meta_color\":\"\",\"meta_margin\":\"\",\"content_transition\":\"\",\"content_style\":\"\",\"content_margin\":\"\",\"link_transition\":\"\",\"link_size\":\"\",\"link_margin\":\"\",\"text_align_breakpoint\":\"\",\"text_align_fallback\":\"\",\"maxwidth\":\"\",\"maxwidth_align\":\"\",\"maxwidth_breakpoint\":\"\",\"visibility\":\"\",\"css\":\".el-image {\\n    filter: url(\\\/wp-content\\\/uploads\\\/filters.svg#grayscale);\\n    filter: gray;\\n    opacity: 0.6;\\n    filter: alpha(opacity=60);\\n    -webkit-filter: grayscale(1);\\n    -moz-filter: grayscale(100%);\\n    -ms-filter: grayscale(100%);\\n}\"},\"children\":[{\"type\":\"gallery_item\",\"props\":{\"title\":\"WEB immo001\",\"image\":\"wp-content\\\/uploads\\\/WEB-immo001.jpg\"}},{\"type\":\"gallery_item\",\"props\":{\"title\":\"WEB immo002\",\"image\":\"wp-content\\\/uploads\\\/WEB-immo002.jpg\"}},{\"type\":\"gallery_item\",\"props\":{\"title\":\"WEB immo004\",\"image\":\"wp-content\\\/uploads\\\/WEB-immo004.jpg\"}},{\"type\":\"gallery_item\",\"props\":{\"title\":\"WEB immo005\",\"image\":\"wp-content\\\/uploads\\\/WEB-immo005.jpg\"}},{\"type\":\"gallery_item\",\"props\":{\"title\":\"WEB immo006\",\"image\":\"wp-content\\\/uploads\\\/WEB-immo006.jpg\"}},{\"type\":\"gallery_item\",\"props\":{\"title\":\"WEB immo007\",\"image\":\"wp-content\\\/uploads\\\/WEB-immo007.jpg\"}},{\"type\":\"gallery_item\",\"props\":{\"title\":\"WEB immo008\",\"image\":\"wp-content\\\/uploads\\\/WEB-immo008.jpg\"}},{\"type\":\"gallery_item\",\"props\":{\"title\":\"WEB immo009\",\"image\":\"wp-content\\\/uploads\\\/WEB-immo009.jpg\"}},{\"type\":\"gallery_item\",\"props\":{\"title\":\"WEB immo010\",\"image\":\"wp-content\\\/uploads\\\/WEB-immo010.jpg\"}},{\"type\":\"gallery_item\",\"props\":{\"title\":\"WEB immo011\",\"image\":\"wp-content\\\/uploads\\\/WEB-immo011.jpg\"}},{\"type\":\"gallery_item\",\"props\":{\"title\":\"WEB immo012\",\"image\":\"wp-content\\\/uploads\\\/WEB-immo012.jpg\"}},{\"type\":\"gallery_item\",\"props\":{\"title\":\"WEB immo013\",\"image\":\"wp-content\\\/uploads\\\/WEB-immo013.jpg\"}},{\"type\":\"gallery_item\",\"props\":{\"title\":\"WEB immo014\",\"image\":\"wp-content\\\/uploads\\\/WEB-immo014.jpg\"}},{\"type\":\"gallery_item\",\"props\":{\"title\":\"WEB immo015\",\"image\":\"wp-content\\\/uploads\\\/WEB-immo015.jpg\"}},{\"type\":\"gallery_item\",\"props\":{\"title\":\"WEB immo016\",\"image\":\"wp-content\\\/uploads\\\/WEB-immo016.jpg\"}},{\"type\":\"gallery_item\",\"props\":{\"title\":\"WEB immo017\",\"image\":\"wp-content\\\/uploads\\\/WEB-immo017.jpg\"}},{\"type\":\"gallery_item\",\"props\":{\"title\":\"WEB immo018\",\"image\":\"wp-content\\\/uploads\\\/WEB-immo018.jpg\"}},{\"type\":\"gallery_item\",\"props\":{\"title\":\"WEB immo019\",\"image\":\"wp-content\\\/uploads\\\/WEB-immo019.jpg\"}},{\"type\":\"gallery_item\",\"props\":{\"title\":\"WEB immo020\",\"image\":\"wp-content\\\/uploads\\\/WEB-immo020.jpg\"}},{\"type\":\"gallery_item\",\"props\":{\"title\":\"WEB immo021\",\"image\":\"wp-content\\\/uploads\\\/WEB-immo021.jpg\"}},{\"type\":\"gallery_item\",\"props\":{\"title\":\"WEB immo022\",\"image\":\"wp-content\\\/uploads\\\/WEB-immo022.jpg\"}},{\"type\":\"gallery_item\",\"props\":{\"title\":\"WEB immo023\",\"image\":\"wp-content\\\/uploads\\\/WEB-immo023.jpg\"}},{\"type\":\"gallery_item\",\"props\":{\"title\":\"WEB immo024\",\"image\":\"wp-content\\\/uploads\\\/WEB-immo024.jpg\"}},{\"type\":\"gallery_item\",\"props\":{\"title\":\"WEB immo025\",\"image\":\"wp-content\\\/uploads\\\/WEB-immo025.jpg\"}},{\"type\":\"gallery_item\",\"props\":{\"title\":\"WEB immo026\",\"image\":\"wp-content\\\/uploads\\\/WEB-immo026.jpg\"}},{\"type\":\"gallery_item\",\"props\":{\"title\":\"WEB immo027\",\"image\":\"wp-content\\\/uploads\\\/WEB-immo027.jpg\"}},{\"type\":\"gallery_item\",\"props\":{\"title\":\"WEB immo028\",\"image\":\"wp-content\\\/uploads\\\/WEB-immo028.jpg\"}},{\"type\":\"gallery_item\",\"props\":{\"title\":\"WEB immo029\",\"image\":\"wp-content\\\/uploads\\\/WEB-immo029.jpg\"}},{\"type\":\"gallery_item\",\"props\":{\"title\":\"WEB immo030\",\"image\":\"wp-content\\\/uploads\\\/WEB-immo030.jpg\"}},{\"type\":\"gallery_item\",\"props\":{\"title\":\"WEB immo031\",\"image\":\"wp-content\\\/uploads\\\/WEB-immo031.jpg\"}},{\"type\":\"gallery_item\",\"props\":{\"title\":\"WEB immo032\",\"image\":\"wp-content\\\/uploads\\\/WEB-immo032.jpg\"}},{\"type\":\"gallery_item\",\"props\":{\"title\":\"WEB immo033\",\"image\":\"wp-content\\\/uploads\\\/WEB-immo033.jpg\"}},{\"type\":\"gallery_item\",\"props\":{\"title\":\"WEB immo034\",\"image\":\"wp-content\\\/uploads\\\/WEB-immo034.jpg\"}},{\"type\":\"gallery_item\",\"props\":{\"title\":\"WEB immo035\",\"image\":\"wp-content\\\/uploads\\\/WEB-immo035.jpg\"}},{\"type\":\"gallery_item\",\"props\":{\"title\":\"WEB immo036\",\"image\":\"wp-content\\\/uploads\\\/WEB-immo036.jpg\"}},{\"type\":\"gallery_item\",\"props\":{\"title\":\"WEB immo037\",\"image\":\"wp-content\\\/uploads\\\/WEB-immo037.jpg\"}},{\"type\":\"gallery_item\",\"props\":{\"title\":\"WEB immo038\",\"image\":\"wp-content\\\/uploads\\\/WEB-immo038.jpg\"}},{\"type\":\"gallery_item\",\"props\":{\"title\":\"WEB immo039\",\"image\":\"wp-content\\\/uploads\\\/WEB-immo039.jpg\"}},{\"type\":\"gallery_item\",\"props\":{\"title\":\"WEB immo040\",\"image\":\"wp-content\\\/uploads\\\/WEB-immo040.jpg\"}}]}]}]}]},{\"name\":\"Navigation\",\"type\":\"section\",\"props\":{\"style\":\"secondary\",\"width\":\"default\",\"image_position\":\"center-center\",\"padding\":\"\",\"vertical_align\":\"middle\",\"title_position\":\"top-left\",\"title_rotation\":\"left\",\"title_breakpoint\":\"xl\",\"image_effect\":\"\",\"text_color\":\"\",\"width_expand\":\"\",\"height\":\"\",\"header_transparent\":\"\",\"animation\":\"\"},\"children\":[{\"name\":\"\",\"type\":\"row\",\"props\":{\"fixed_width\":\"large\",\"breakpoint\":\"m\",\"layout\":\"1-1\"},\"children\":[{\"name\":\"\",\"type\":\"column\",\"props\":{\"image_position\":\"center-center\",\"widths\":[\"1-1\"],\"media_overlay_gradient\":\"\"},\"children\":[{\"type\":\"button\",\"props\":{\"gutter\":\"small\",\"margin\":\"default\",\"button_size\":\"\",\"text_align\":\"center\",\"text_align_breakpoint\":\"\",\"text_align_fallback\":\"\",\"maxwidth\":\"\",\"maxwidth_align\":\"\",\"maxwidth_breakpoint\":\"\",\"animation\":\"\",\"visibility\":\"\"},\"children\":[{\"type\":\"button_item\",\"props\":{\"button_style\":\"primary\",\"icon_align\":\"left\",\"link_target\":\"\",\"link_title\":\"Suivant\",\"icon\":\"arrow-left\",\"content\":\"Pr\\u00e9c\\u00e9dent\",\"link\":\"index.php?page_id=458\"}},{\"type\":\"button_item\",\"props\":{\"button_style\":\"primary\",\"icon_align\":\"right\",\"link_target\":\"\",\"link_title\":\"Suivant\",\"icon\":\"arrow-right\",\"content\":\"Suivant\",\"link\":\"index.php?page_id=406\"}}]}]}]}]}],\"props\":[],\"version\":\"1.19.2\"} --><\/p>\n","protected":false},"excerpt":{"rendered":"<p>Immobilier HDR Le HDR c\u2019est ensemble de techniques et de m\u00e9thodes photographiques et de post-traitement qui permettent de surpasser les capacit\u00e9s de vos appareils photo pour cr\u00e9er une image \u00e0 grande plage dynamique. Plusieurs photographes offre un service de ce type. Soit les images sont trop accentu\u00e9es et ne refl\u00e8te pas la r\u00e9alit\u00e9. Souvant le [&hellip;]<\/p>\n","protected":false},"author":1,"featured_media":0,"parent":22,"menu_order":5,"comment_status":"closed","ping_status":"closed","template":"","meta":{"footnotes":""},"_links":{"self":[{"href":"https:\/\/yanncanno.com\/index.php?rest_route=\/wp\/v2\/pages\/28"}],"collection":[{"href":"https:\/\/yanncanno.com\/index.php?rest_route=\/wp\/v2\/pages"}],"about":[{"href":"https:\/\/yanncanno.com\/index.php?rest_route=\/wp\/v2\/types\/page"}],"author":[{"embeddable":true,"href":"https:\/\/yanncanno.com\/index.php?rest_route=\/wp\/v2\/users\/1"}],"replies":[{"embeddable":true,"href":"https:\/\/yanncanno.com\/index.php?rest_route=%2Fwp%2Fv2%2Fcomments&post=28"}],"version-history":[{"count":14,"href":"https:\/\/yanncanno.com\/index.php?rest_route=\/wp\/v2\/pages\/28\/revisions"}],"predecessor-version":[{"id":770,"href":"https:\/\/yanncanno.com\/index.php?rest_route=\/wp\/v2\/pages\/28\/revisions\/770"}],"up":[{"embeddable":true,"href":"https:\/\/yanncanno.com\/index.php?rest_route=\/wp\/v2\/pages\/22"}],"wp:attachment":[{"href":"https:\/\/yanncanno.com\/index.php?rest_route=%2Fwp%2Fv2%2Fmedia&parent=28"}],"curies":[{"name":"wp","href":"https:\/\/api.w.org\/{rel}","templated":true}]}}