{"id":23,"date":"2016-09-13T13:16:23","date_gmt":"2016-09-13T13:16:23","guid":{"rendered":"https:\/\/yanncanno.com\/index.php\/about\/"},"modified":"2019-10-16T10:02:25","modified_gmt":"2019-10-16T14:02:25","slug":"about","status":"publish","type":"page","link":"https:\/\/yanncanno.com\/?page_id=23","title":{"rendered":"Topo"},"content":{"rendered":"<h1>Topo<\/h1>\n<h2>\n<p>Votre photographe &amp; directeur artistique<\/p>\n<p>L\u2019exp\u00e9rience, gage de qualit\u00e9 &amp; rapidit\u00e9<\/p>\n<p>Depuis 1999<\/p>\n<\/h2>\n<div>\n<p>Qu\u2019il s\u2019agisse de mati\u00e8res, de lieux ou de vous, la lumi\u00e8re est la discipline que j\u2019ai choisi d\u2019apprivoiser.<\/p>\n<p>Mon exp\u00e9rience \u00e0 la bard d\u2019agences de publicit\u00e9 et diff\u00e9rents journaux, vous permettra d\u2019avoir un meilleur rendu de vos besoins.<\/p>\n<p>La simplicit\u00e9 avec laquelle j\u2019aborde les gens, fait de moi un bon communicateur.<\/p>\n<p>Pour ce type de\u00a0 travail, la rapidit\u00e9 d\u2019ex\u00e9cution, une bonne dose de qualit\u00e9 et de professionnalisme, fait en sorte de cr\u00e9er une image qui parle d\u2019elle-m\u00eame.<\/p>\n<p>La discussion et la planification sont de mise.<\/p>\n<p>La promotion par diff\u00e9rent m\u00e9dium est aujourd\u2019hui une n\u00e9cessit\u00e9. R\u00e9seaux-sociaux, site web, magasine, journaux locaux, ont tous besoins du m\u00eame d\u00e9nominateur commun. Conceptualiser et cr\u00e9er des ambiances.<\/p>\n<p>Peut importe le milieux o\u00f9 vous oeuvrez , il s\u2019agit de d\u00e9fi que je peux relever. Si ne n\u2019est d\u00e9j\u00e0 fait.<\/p>\n<p>Le nombre de photo que je fais n\u2019importe peu, le probl\u00e8me ne m\u2019appartient plus\u2026\u00e0 vous de choisir\u2026<\/p>\n<p>Je vous laisse l\u2019opportunit\u00e9 de consulter mon CV il est toujours int\u00e9ressant d\u2019avoir une image globale de la personne avec qui vous allez travailler \u00e0 construire la votre\u2026<\/p>\n<\/div>\n<h2>Suivez-moi<\/h2>\n<ul>\n<li>\n        <a href=\"https:\/\/ca.linkedin.com\/in\/yanncanno\">Linkedin<\/a>\n    <\/li>\n<li>\n        <a href=\"https:\/\/www.instagram.com\/photoyanncanno\/\">Instagram<\/a>\n    <\/li>\n<li>\n        <a href=\"https:\/\/www.facebook.com\/PhotoYannCanno\/\">Facebook<\/a>\n    <\/li>\n<\/ul>\n<p><img decoding=\"async\" src=\"wp-content\/uploads\/Yann-13-11-18-5453.jpg\" alt=\"\"><\/p>\n<p><!-- {\"name\":\"About\",\"type\":\"layout\",\"children\":[{\"name\":\"About\",\"type\":\"section\",\"props\":{\"style\":\"default\",\"width\":\"\",\"image_position\":\"center-center\",\"padding\":\"none\",\"vertical_align\":\"middle\",\"title_position\":\"top-left\",\"title_rotation\":\"left\",\"title_breakpoint\":\"xl\",\"image_effect\":\"\"},\"children\":[{\"name\":\"\",\"type\":\"row\",\"props\":{\"fixed_width\":\"large\",\"breakpoint\":\"m\",\"layout\":\",\",\"width\":\"\",\"gutter\":\"large\",\"vertical_align\":false,\"match\":false},\"children\":[{\"name\":\"\",\"type\":\"column\",\"props\":{\"image_position\":\"center-center\",\"widths\":[\"\"],\"style\":\"default\",\"padding\":\"xlarge\",\"media_overlay_gradient\":\"\"},\"children\":[{\"name\":\"\",\"type\":\"headline\",\"props\":{\"title_element\":\"h1\",\"content\":\"Topo\",\"title_style\":\"heading-hero\",\"margin\":\"medium\",\"maxwidth\":\"\",\"title_decoration\":\"\",\"title_color\":\"\",\"text_align\":\"\",\"text_align_breakpoint\":\"\",\"text_align_fallback\":\"\",\"maxwidth_align\":\"\",\"maxwidth_breakpoint\":\"\",\"animation\":\"\",\"visibility\":\"\"}},{\"name\":\"\",\"type\":\"headline\",\"props\":{\"title_element\":\"h2\",\"content\":\"\n\n<p>Votre photographe &amp; directeur artistique<\\\/p>\\n\n\n<p>L\\u2019exp\\u00e9rience, gage de qualit\\u00e9 &amp; rapidit\\u00e9<\\\/p>\\n\n\n<p>Depuis 1999<\\\/p>\",\"title_style\":\"\",\"margin\":\"large\",\"margin_remove_top\":true,\"maxwidth\":\"xxlarge\",\"title_decoration\":\"\",\"title_color\":\"\",\"text_align\":\"\",\"text_align_breakpoint\":\"\",\"text_align_fallback\":\"\",\"maxwidth_align\":\"\",\"maxwidth_breakpoint\":\"\",\"animation\":\"\",\"visibility\":\"\"}},{\"name\":\"\",\"type\":\"text\",\"props\":{\"column_breakpoint\":\"m\",\"margin\":\"medium\",\"content\":\"\n\n<p>Qu\\u2019il s\\u2019agisse de mati\\u00e8res, de lieux ou de vous, la lumi\\u00e8re est la discipline que j\\u2019ai choisi d\\u2019apprivoiser.<\\\/p>\\n\n\n<p>Mon exp\\u00e9rience \\u00e0 la bard d\\u2019agences de publicit\\u00e9 et diff\\u00e9rents journaux, vous permettra d\\u2019avoir un meilleur rendu de vos besoins.<\\\/p>\\n\n\n<p>La simplicit\\u00e9 avec laquelle j\\u2019aborde les gens, fait de moi un bon communicateur.<\\\/p>\\n\n\n<p>Pour ce type de\\u00a0 travail, la rapidit\\u00e9 d\\u2019ex\\u00e9cution, une bonne dose de qualit\\u00e9 et de professionnalisme, fait en sorte de cr\\u00e9er une image qui parle d\\u2019elle-m\\u00eame.<\\\/p>\\n\n\n<p>La discussion et la planification sont de mise.<\\\/p>\\n\n\n<p>La promotion par diff\\u00e9rent m\\u00e9dium est aujourd\\u2019hui une n\\u00e9cessit\\u00e9. R\\u00e9seaux-sociaux, site web, magasine, journaux locaux, ont tous besoins du m\\u00eame d\\u00e9nominateur commun. Conceptualiser et cr\\u00e9er des ambiances.<\\\/p>\\n\n\n<p>Peut importe le milieux o\\u00f9 vous oeuvrez , il s\\u2019agit de d\\u00e9fi que je peux relever. Si ne n\\u2019est d\\u00e9j\\u00e0 fait.<\\\/p>\\n\n\n<p>Le nombre de photo que je fais n\\u2019importe peu, le probl\\u00e8me ne m\\u2019appartient plus\\u2026\\u00e0 vous de choisir\\u2026<\\\/p>\\n\n\n<p>Je vous laisse l\\u2019opportunit\\u00e9 de consulter mon CV il est toujours int\\u00e9ressant d\\u2019avoir une image globale de la personne avec qui vous allez travailler \\u00e0 construire la votre\\u2026<\\\/p>\",\"maxwidth\":\"xxlarge\",\"text_style\":\"\",\"text_color\":\"\",\"text_size\":\"\",\"column\":\"\",\"text_align\":\"\",\"text_align_breakpoint\":\"\",\"text_align_fallback\":\"\",\"maxwidth_align\":\"\",\"maxwidth_breakpoint\":\"\",\"animation\":\"\",\"visibility\":\"\"}},{\"name\":\"\",\"type\":\"headline\",\"props\":{\"title_element\":\"h2\",\"content\":\"Suivez-moi\",\"title_style\":\"\",\"margin\":\"xlarge\",\"margin_remove_bottom\":true,\"title_decoration\":\"\",\"title_color\":\"\",\"text_align\":\"\",\"text_align_breakpoint\":\"\",\"text_align_fallback\":\"\",\"maxwidth\":\"\",\"maxwidth_align\":\"\",\"maxwidth_breakpoint\":\"\",\"animation\":\"\",\"visibility\":\"\"}},{\"name\":\"\",\"type\":\"button\",\"props\":{\"gutter\":\"\",\"margin\":\"medium\",\"button_size\":\"\",\"text_align\":\"\",\"text_align_breakpoint\":\"\",\"text_align_fallback\":\"\",\"maxwidth\":\"\",\"maxwidth_align\":\"\",\"maxwidth_breakpoint\":\"\",\"animation\":\"\",\"visibility\":\"\"},\"children\":[{\"name\":\"\",\"type\":\"button_item\",\"props\":{\"button_style\":\"link-text\",\"icon_align\":\"left\",\"link\":\"https:\\\/\\\/ca.linkedin.com\\\/in\\\/yanncanno\",\"content\":\"Linkedin\",\"link_target\":\"blank\"}},{\"name\":\"\",\"type\":\"button_item\",\"props\":{\"button_style\":\"link-text\",\"icon_align\":\"left\",\"link\":\"https:\\\/\\\/www.instagram.com\\\/photoyanncanno\\\/\",\"content\":\"Instagram\",\"link_target\":\"\"}},{\"name\":\"\",\"type\":\"button_item\",\"props\":{\"button_style\":\"link-text\",\"icon_align\":\"left\",\"link\":\"https:\\\/\\\/www.facebook.com\\\/PhotoYannCanno\\\/\",\"link_target\":\"blank\",\"content\":\"Facebook\"}}]}]},{\"name\":\"\",\"type\":\"column\",\"props\":{\"image_position\":\"center-center\",\"widths\":[\"\"],\"image\":\"\",\"style\":\"secondary\",\"padding\":\"none\",\"media_overlay_gradient\":\"\"},\"children\":[{\"name\":\"\",\"type\":\"image\",\"props\":{\"margin\":\"default\",\"image\":\"wp-content\\\/uploads\\\/Yann-13-11-18-5453.jpg\",\"image_width\":\"\",\"image_height\":\"\",\"image_svg_color\":\"emphasis\",\"link_target\":\"\",\"image_border\":\"\",\"image_box_shadow\":\"\",\"image_hover_box_shadow\":\"\",\"image_box_decoration\":\"\",\"text_align\":\"\",\"text_align_breakpoint\":\"\",\"text_align_fallback\":\"\",\"maxwidth\":\"\",\"maxwidth_align\":\"\",\"maxwidth_breakpoint\":\"\",\"animation\":\"\",\"visibility\":\"\"}}]}]}]}],\"props\":[],\"version\":\"1.19.2\"} --><\/p>\n","protected":false},"excerpt":{"rendered":"<p>Topo Votre photographe &amp; directeur artistique L\u2019exp\u00e9rience, gage de qualit\u00e9 &amp; rapidit\u00e9 Depuis 1999 Qu\u2019il s\u2019agisse de mati\u00e8res, de lieux ou de vous, la lumi\u00e8re est la discipline que j\u2019ai choisi d\u2019apprivoiser. Mon exp\u00e9rience \u00e0 la bard d\u2019agences de publicit\u00e9 et diff\u00e9rents journaux, vous permettra d\u2019avoir un meilleur rendu de vos besoins. La simplicit\u00e9 avec [&hellip;]<\/p>\n","protected":false},"author":1,"featured_media":0,"parent":0,"menu_order":10,"comment_status":"closed","ping_status":"closed","template":"","meta":{"footnotes":""},"_links":{"self":[{"href":"https:\/\/yanncanno.com\/index.php?rest_route=\/wp\/v2\/pages\/23"}],"collection":[{"href":"https:\/\/yanncanno.com\/index.php?rest_route=\/wp\/v2\/pages"}],"about":[{"href":"https:\/\/yanncanno.com\/index.php?rest_route=\/wp\/v2\/types\/page"}],"author":[{"embeddable":true,"href":"https:\/\/yanncanno.com\/index.php?rest_route=\/wp\/v2\/users\/1"}],"replies":[{"embeddable":true,"href":"https:\/\/yanncanno.com\/index.php?rest_route=%2Fwp%2Fv2%2Fcomments&post=23"}],"version-history":[{"count":15,"href":"https:\/\/yanncanno.com\/index.php?rest_route=\/wp\/v2\/pages\/23\/revisions"}],"predecessor-version":[{"id":318,"href":"https:\/\/yanncanno.com\/index.php?rest_route=\/wp\/v2\/pages\/23\/revisions\/318"}],"wp:attachment":[{"href":"https:\/\/yanncanno.com\/index.php?rest_route=%2Fwp%2Fv2%2Fmedia&parent=23"}],"curies":[{"name":"wp","href":"https:\/\/api.w.org\/{rel}","templated":true}]}}