{"id":21,"date":"2013-11-16T00:00:00","date_gmt":"2013-11-16T00:00:00","guid":{"rendered":"https:\/\/yanncanno.com\/index.php\/home\/"},"modified":"2019-10-16T10:02:25","modified_gmt":"2019-10-16T14:02:25","slug":"home","status":"publish","type":"page","link":"https:\/\/yanncanno.com\/","title":{"rendered":"Accueil"},"content":{"rendered":"<h1>Yann Canno<br \/>photographe \u00e0 McMasterville<\/h1>\n<h3>L\u2019exp\u00e9rience, gage de qualit\u00e9 &amp; rapidit\u00e9.<\/h3>\n<ul>\n<li>\n        <a href=\"index.php?page_id=23\">Topo<\/a>\n    <\/li>\n<li>\n        <a href=\"index.php?page_id=25\">Services<\/a>\n    <\/li>\n<\/ul>\n<ul>\n<li>\n        <a href=\"https:\/\/ca.linkedin.com\/in\/yanncanno\">Linkedin<\/a>\n    <\/li>\n<li>\n        <a href=\"https:\/\/www.instagram.com\/photoyanncanno\/\">Instagram<\/a>\n    <\/li>\n<li>\n        <a href=\"https:\/\/www.facebook.com\/PhotoYannCanno\/\">Facebook<\/a>\n    <\/li>\n<\/ul>\n<div>\n<p>        <img decoding=\"async\" src=\"wp-content\/uploads\/projet.jpg\" alt=\"\"><\/p>\n<h3> Pr\u00eat \u00e0 d\u00e9marrer un projet?<\/h3>\n<p> Laisse moi un mot<\/p>\n<\/div>\n<p><!-- {\"name\":\"Home\",\"type\":\"layout\",\"children\":[{\"name\":\"Hero\",\"type\":\"section\",\"props\":{\"width\":\"default\",\"padding\":\"xlarge\",\"style\":\"secondary\",\"text_color\":\"light\",\"media\":\"images\\\/home-header.jpg\",\"height_viewport\":true,\"header_overlay\":\"light\",\"image\":\"wp-content\\\/uploads\\\/Yann-web-2018-A.jpg\",\"media_advanced\":true,\"image_size\":\"cover\",\"media_background\":null,\"media_overlay\":null,\"height\":\"full\",\"animation\":\"fade\",\"header_transparent\":\"light\",\"image_position\":\"center-center\",\"image_width\":\"2560\",\"image_height\":\"1440\",\"vertical_align\":\"middle\",\"title_position\":\"center-right\",\"title_rotation\":\"left\",\"title_breakpoint\":\"l\",\"title\":\"Photographe\",\"header_transparent_noplaceholder\":true,\"image_effect\":\"\",\"width_expand\":\"\"},\"children\":[{\"name\":\"\",\"type\":\"row\",\"props\":{\"layout\":\",\",\"breakpoint\":\"m\",\"fixed_width\":\"large\",\"gutter\":\"\",\"width\":\"\",\"width_expand\":\"\",\"height\":\"\",\"margin\":\"\"},\"children\":[{\"name\":\"\",\"type\":\"column\",\"props\":{\"image_position\":\"center-center\",\"widths\":[\"\"],\"media_overlay_gradient\":\"\"}},{\"name\":\"\",\"type\":\"column\",\"props\":{\"widths\":[\"\"],\"image_position\":\"center-center\",\"media_overlay_gradient\":\"\",\"vertical_align\":\"\",\"style\":\"\",\"text_color\":\"\",\"padding\":\"\"},\"children\":[{\"name\":\"\",\"type\":\"headline\",\"props\":{\"title_element\":\"h1\",\"content\":\"Yann Canno<br \\\/>photographe \\u00e0 McMasterville\",\"title_style\":\"heading-primary\",\"text_align\":\"\",\"text_align_fallback\":\"\",\"maxwidth\":\"xlarge\",\"maxwidth_align\":\"\",\"animation\":\"slide-left-medium\",\"text_align_breakpoint\":\"\",\"title_decoration\":\"\",\"title_color\":\"\",\"maxwidth_breakpoint\":\"\",\"margin\":\"\",\"visibility\":\"\"}}]}]}]},{\"name\":\"About\",\"type\":\"section\",\"props\":{\"width\":\"large\",\"padding\":\"xlarge\",\"style\":\"secondary\",\"text_color\":\"light\",\"media\":\"images\\\/home-quality.jpg\",\"height_viewport\":false,\"image\":\"wp-content\\\/uploads\\\/WEB-inspire-toi015.jpg\",\"animation\":\"fade\",\"image_size\":\"\",\"image_position\":\"center-center\",\"height\":\"percent\",\"image_effect\":\"parallax\",\"image_parallax_bgy_start\":\"100\",\"image_parallax_bgy_end\":\"-100\",\"preserve_color\":false,\"image_parallax_breakpoint\":\"m\",\"vertical_align\":\"middle\",\"title_position\":\"top-left\",\"title_rotation\":\"left\",\"title_breakpoint\":\"xl\",\"width_expand\":\"\",\"header_transparent\":\"\",\"image_visibility\":\"\",\"video_width\":\"\",\"video_height\":\"\",\"media_blend_mode\":\"hue\",\"media_overlay\":\"rgba(0, 0, 0, 0.74)\"},\"children\":[{\"name\":\"\",\"type\":\"row\",\"props\":{\"layout\":\",\",\"fixed_width\":\"large\",\"breakpoint\":\"m\",\"width\":\"\"},\"children\":[{\"name\":\"\",\"type\":\"column\",\"props\":{\"image_position\":\"center-center\",\"widths\":[\"\"],\"media_overlay_gradient\":\"\"},\"children\":[{\"name\":\"\",\"type\":\"headline\",\"props\":{\"title_element\":\"h3\",\"content\":\"L\\u2019exp\\u00e9rience, gage de qualit\\u00e9 &amp; rapidit\\u00e9.\",\"title_style\":\"h1\",\"text_align\":\"\",\"maxwidth\":\"large\",\"maxwidth_align\":\"\",\"margin\":\"xlarge\",\"title_decoration\":\"\",\"title_color\":\"\",\"text_align_breakpoint\":\"\",\"text_align_fallback\":\"\",\"maxwidth_breakpoint\":\"\",\"animation\":\"\",\"visibility\":\"\"}},{\"name\":\"\",\"type\":\"button\",\"props\":{\"gutter\":\"\",\"inline_align\":\"center\",\"margin\":\"\",\"text_align\":\"\",\"css\":\"\",\"button_size\":\"\",\"text_align_breakpoint\":\"\",\"text_align_fallback\":\"\",\"maxwidth\":\"\",\"maxwidth_align\":\"\",\"maxwidth_breakpoint\":\"\",\"animation\":\"\",\"visibility\":\"\"},\"children\":[{\"name\":\"\",\"type\":\"button_item\",\"props\":{\"button_style\":\"\",\"content\":\"Topo\",\"link\":\"index.php?page_id=23\",\"link_title\":\"\",\"icon_align\":\"left\",\"link_target\":\"\"}},{\"name\":\"\",\"type\":\"button_item\",\"props\":{\"button_style\":\"\",\"icon_align\":\"right\",\"content\":\"Services\",\"icon\":\"arrow-right\",\"link\":\"index.php?page_id=25\"}}]}]},{\"name\":\"\",\"type\":\"column\",\"props\":{\"image_position\":\"center-center\",\"widths\":[\"\"],\"media_overlay_gradient\":\"\"},\"children\":[{\"name\":\"\",\"type\":\"button\",\"props\":{\"gutter\":\"\",\"margin\":\"default\",\"text_align\":\"right\",\"text_align_breakpoint\":\"m\",\"text_align_fallback\":\"left\",\"button_size\":\"\",\"maxwidth\":\"\",\"maxwidth_align\":\"\",\"maxwidth_breakpoint\":\"\",\"animation\":\"\",\"visibility\":\"\"},\"children\":[{\"name\":\"\",\"type\":\"button_item\",\"props\":{\"button_style\":\"\",\"icon_align\":\"left\",\"content\":\"Linkedin\",\"link\":\"https:\\\/\\\/ca.linkedin.com\\\/in\\\/yanncanno\",\"link_target\":\"\"}},{\"name\":\"\",\"type\":\"button_item\",\"props\":{\"button_style\":\"\",\"icon_align\":\"left\",\"content\":\"Instagram\",\"link\":\"https:\\\/\\\/www.instagram.com\\\/photoyanncanno\\\/\",\"link_target\":\"\"}},{\"name\":\"\",\"type\":\"button_item\",\"props\":{\"button_style\":\"\",\"icon_align\":\"left\",\"content\":\"Facebook\",\"link\":\"https:\\\/\\\/www.facebook.com\\\/PhotoYannCanno\\\/\",\"link_target\":\"\"}}]}]}]}]},{\"name\":\"Call to action\",\"type\":\"section\",\"props\":{\"style\":\"secondary\",\"width\":\"\",\"vertical_align\":\"middle\",\"title_position\":\"top-left\",\"title_rotation\":\"left\",\"title_breakpoint\":\"xl\",\"image_position\":\"center-center\",\"animation\":\"slide-top-small\",\"padding\":\"none\",\"image_effect\":\"\"},\"children\":[{\"name\":\"\",\"type\":\"row\",\"props\":{\"fixed_width\":\"large\",\"breakpoint\":\"m\",\"layout\":\"1-1\"},\"children\":[{\"name\":\"\",\"type\":\"column\",\"props\":{\"widths\":[\"1-1\"],\"image_position\":\"center-center\",\"media_overlay_gradient\":\"\"},\"children\":[{\"name\":\"\",\"type\":\"overlay\",\"props\":{\"overlay_mode\":\"cover\",\"overlay_hover\":false,\"overlay_style\":\"\",\"text_color\":\"\",\"overlay_position\":\"center\",\"overlay_transition\":\"fade\",\"title_element\":\"h3\",\"meta_style\":\"h5\",\"meta_align\":\"below-title\",\"text_align\":\"center\",\"margin\":\"default\",\"hover_image\":\"wp-content\\\/uploads\\\/projet.jpg\",\"title\":\" Pr\\u00eat \\u00e0 d\\u00e9marrer un projet?\",\"meta\":\" Laisse moi un mot\",\"title_style\":\"heading-primary\",\"link\":\"mailto:photo@yanncanno.com\",\"image_min_height\":\"650\",\"text_color_hover\":false,\"image_width\":\"2560\",\"image_height\":\"900\",\"overlay_image\":null,\"link_type\":\"element\",\"link_text\":\"Read more\",\"link_style\":\"default\",\"overlay_padding\":\"\",\"overlay_margin\":\"\",\"overlay_maxwidth\":\"\",\"image_transition\":\"\",\"image_box_shadow\":\"\",\"image_hover_box_shadow\":\"\",\"image_box_decoration\":\"\",\"title_transition\":\"\",\"title_decoration\":\"\",\"title_color\":\"\",\"title_margin\":\"\",\"meta_transition\":\"\",\"meta_color\":\"\",\"meta_margin\":\"\",\"content_transition\":\"\",\"content_style\":\"\",\"content_margin\":\"\",\"link_transition\":\"\",\"link_size\":\"\",\"link_margin\":\"\",\"text_align_breakpoint\":\"\",\"text_align_fallback\":\"\",\"maxwidth\":\"\",\"maxwidth_align\":\"\",\"maxwidth_breakpoint\":\"\",\"animation\":\"\",\"visibility\":\"\"}}]}]}]}],\"props\":[],\"version\":\"1.19.2\"} --><\/p>\n","protected":false},"excerpt":{"rendered":"<p>Yann Cannophotographe \u00e0 McMasterville L\u2019exp\u00e9rience, gage de qualit\u00e9 &amp; rapidit\u00e9. Topo Services Linkedin Instagram Facebook Pr\u00eat \u00e0 d\u00e9marrer un projet? Laisse moi un mot<\/p>\n","protected":false},"author":1,"featured_media":0,"parent":0,"menu_order":8,"comment_status":"closed","ping_status":"closed","template":"","meta":{"footnotes":""},"_links":{"self":[{"href":"https:\/\/yanncanno.com\/index.php?rest_route=\/wp\/v2\/pages\/21"}],"collection":[{"href":"https:\/\/yanncanno.com\/index.php?rest_route=\/wp\/v2\/pages"}],"about":[{"href":"https:\/\/yanncanno.com\/index.php?rest_route=\/wp\/v2\/types\/page"}],"author":[{"embeddable":true,"href":"https:\/\/yanncanno.com\/index.php?rest_route=\/wp\/v2\/users\/1"}],"replies":[{"embeddable":true,"href":"https:\/\/yanncanno.com\/index.php?rest_route=%2Fwp%2Fv2%2Fcomments&post=21"}],"version-history":[{"count":12,"href":"https:\/\/yanncanno.com\/index.php?rest_route=\/wp\/v2\/pages\/21\/revisions"}],"predecessor-version":[{"id":1010,"href":"https:\/\/yanncanno.com\/index.php?rest_route=\/wp\/v2\/pages\/21\/revisions\/1010"}],"wp:attachment":[{"href":"https:\/\/yanncanno.com\/index.php?rest_route=%2Fwp%2Fv2%2Fmedia&parent=21"}],"curies":[{"name":"wp","href":"https:\/\/api.w.org\/{rel}","templated":true}]}}